{"id":20,"date":"2024-05-14T09:27:35","date_gmt":"2024-05-14T14:27:35","guid":{"rendered":"https:\/\/zerukbrokers.com\/mx\/?page_id=20"},"modified":"2024-06-03T01:51:52","modified_gmt":"2024-06-03T06:51:52","slug":"contactanos","status":"publish","type":"page","link":"https:\/\/zerukbrokers.com\/mx\/contactanos\/","title":{"rendered":"Cont\u00e1ctanos"},"content":{"rendered":"","protected":false},"excerpt":{"rendered":"","protected":false},"author":3,"featured_media":0,"parent":0,"menu_order":9,"comment_status":"closed","ping_status":"closed","template":"templates\/page-contacto.php","meta":{"_acf_changed":false,"footnotes":""},"class_list":["post-20","page","type-page","status-publish","hentry"],"acf":[],"yoast_head":"<!-- This site is optimized with the Yoast SEO plugin v27.5 - https:\/\/yoast.com\/product\/yoast-seo-wordpress\/ -->\n<title>Cont\u00e1ctanos - Zeruk Insurance Brokers - M\u00e9xico<\/title>\n<meta name=\"description\" content=\"Cont\u00e1ctate con un asesor especializado. Nos encantar\u00eda saber de ti y ayudarte con cualquier pregunta que puedas tener.\" \/>\n<meta name=\"robots\" content=\"index, follow, max-snippet:-1, max-image-preview:large, max-video-preview:-1\" \/>\n<link rel=\"canonical\" href=\"https:\/\/zerukbrokers.com\/mx\/contactanos\/\" \/>\n<meta property=\"og:locale\" content=\"es_ES\" \/>\n<meta property=\"og:type\" content=\"article\" \/>\n<meta property=\"og:title\" content=\"Cont\u00e1ctanos - Zeruk Insurance Brokers - M\u00e9xico\" \/>\n<meta property=\"og:description\" content=\"Cont\u00e1ctate con un asesor especializado. Nos encantar\u00eda saber de ti y ayudarte con cualquier pregunta que puedas tener.\" \/>\n<meta property=\"og:url\" content=\"https:\/\/zerukbrokers.com\/mx\/contactanos\/\" \/>\n<meta property=\"og:site_name\" content=\"Zeruk Insurance Brokers - M\u00e9xico\" \/>\n<meta property=\"article:modified_time\" content=\"2024-06-03T06:51:52+00:00\" \/>\n<script type=\"application\/ld+json\" class=\"yoast-schema-graph\">{\"@context\":\"https:\\\/\\\/schema.org\",\"@graph\":[{\"@type\":\"WebPage\",\"@id\":\"https:\\\/\\\/zerukbrokers.com\\\/mx\\\/contactanos\\\/\",\"url\":\"https:\\\/\\\/zerukbrokers.com\\\/mx\\\/contactanos\\\/\",\"name\":\"Cont\u00e1ctanos - Zeruk Insurance Brokers - M\u00e9xico\",\"isPartOf\":{\"@id\":\"https:\\\/\\\/zerukbrokers.com\\\/mx\\\/#website\"},\"datePublished\":\"2024-05-14T14:27:35+00:00\",\"dateModified\":\"2024-06-03T06:51:52+00:00\",\"description\":\"Cont\u00e1ctate con un asesor especializado. Nos encantar\u00eda saber de ti y ayudarte con cualquier pregunta que puedas tener.\",\"breadcrumb\":{\"@id\":\"https:\\\/\\\/zerukbrokers.com\\\/mx\\\/contactanos\\\/#breadcrumb\"},\"inLanguage\":\"es\",\"potentialAction\":[{\"@type\":\"ReadAction\",\"target\":[\"https:\\\/\\\/zerukbrokers.com\\\/mx\\\/contactanos\\\/\"]}]},{\"@type\":\"BreadcrumbList\",\"@id\":\"https:\\\/\\\/zerukbrokers.com\\\/mx\\\/contactanos\\\/#breadcrumb\",\"itemListElement\":[{\"@type\":\"ListItem\",\"position\":1,\"name\":\"Portada\",\"item\":\"https:\\\/\\\/zerukbrokers.com\\\/mx\\\/\"},{\"@type\":\"ListItem\",\"position\":2,\"name\":\"Cont\u00e1ctanos\"}]},{\"@type\":\"WebSite\",\"@id\":\"https:\\\/\\\/zerukbrokers.com\\\/mx\\\/#website\",\"url\":\"https:\\\/\\\/zerukbrokers.com\\\/mx\\\/\",\"name\":\"Zeruk Insurance Brokers - M\u00e9xico\",\"description\":\"\",\"publisher\":{\"@id\":\"https:\\\/\\\/zerukbrokers.com\\\/mx\\\/#organization\"},\"alternateName\":\"Zeruk M\u00e9xico\",\"potentialAction\":[{\"@type\":\"SearchAction\",\"target\":{\"@type\":\"EntryPoint\",\"urlTemplate\":\"https:\\\/\\\/zerukbrokers.com\\\/mx\\\/?s={search_term_string}\"},\"query-input\":{\"@type\":\"PropertyValueSpecification\",\"valueRequired\":true,\"valueName\":\"search_term_string\"}}],\"inLanguage\":\"es\"},{\"@type\":\"Organization\",\"@id\":\"https:\\\/\\\/zerukbrokers.com\\\/mx\\\/#organization\",\"name\":\"Zeruk Insurance Brokers - M\u00e9xico\",\"alternateName\":\"Zeruk M\u00e9xico\",\"url\":\"https:\\\/\\\/zerukbrokers.com\\\/mx\\\/\",\"logo\":{\"@type\":\"ImageObject\",\"inLanguage\":\"es\",\"@id\":\"https:\\\/\\\/zerukbrokers.com\\\/mx\\\/#\\\/schema\\\/logo\\\/image\\\/\",\"url\":\"https:\\\/\\\/zerukbrokers.com\\\/mx\\\/wp-content\\\/uploads\\\/sites\\\/2\\\/logo-zeruk.svg\",\"contentUrl\":\"https:\\\/\\\/zerukbrokers.com\\\/mx\\\/wp-content\\\/uploads\\\/sites\\\/2\\\/logo-zeruk.svg\",\"width\":149,\"height\":54,\"caption\":\"Zeruk Insurance Brokers - M\u00e9xico\"},\"image\":{\"@id\":\"https:\\\/\\\/zerukbrokers.com\\\/mx\\\/#\\\/schema\\\/logo\\\/image\\\/\"}}]}<\/script>\n<!-- \/ Yoast SEO plugin. -->","yoast_head_json":{"title":"Cont\u00e1ctanos - Zeruk Insurance Brokers - M\u00e9xico","description":"Cont\u00e1ctate con un asesor especializado. Nos encantar\u00eda saber de ti y ayudarte con cualquier pregunta que puedas tener.","robots":{"index":"index","follow":"follow","max-snippet":"max-snippet:-1","max-image-preview":"max-image-preview:large","max-video-preview":"max-video-preview:-1"},"canonical":"https:\/\/zerukbrokers.com\/mx\/contactanos\/","og_locale":"es_ES","og_type":"article","og_title":"Cont\u00e1ctanos - Zeruk Insurance Brokers - M\u00e9xico","og_description":"Cont\u00e1ctate con un asesor especializado. Nos encantar\u00eda saber de ti y ayudarte con cualquier pregunta que puedas tener.","og_url":"https:\/\/zerukbrokers.com\/mx\/contactanos\/","og_site_name":"Zeruk Insurance Brokers - M\u00e9xico","article_modified_time":"2024-06-03T06:51:52+00:00","schema":{"@context":"https:\/\/schema.org","@graph":[{"@type":"WebPage","@id":"https:\/\/zerukbrokers.com\/mx\/contactanos\/","url":"https:\/\/zerukbrokers.com\/mx\/contactanos\/","name":"Cont\u00e1ctanos - Zeruk Insurance Brokers - M\u00e9xico","isPartOf":{"@id":"https:\/\/zerukbrokers.com\/mx\/#website"},"datePublished":"2024-05-14T14:27:35+00:00","dateModified":"2024-06-03T06:51:52+00:00","description":"Cont\u00e1ctate con un asesor especializado. Nos encantar\u00eda saber de ti y ayudarte con cualquier pregunta que puedas tener.","breadcrumb":{"@id":"https:\/\/zerukbrokers.com\/mx\/contactanos\/#breadcrumb"},"inLanguage":"es","potentialAction":[{"@type":"ReadAction","target":["https:\/\/zerukbrokers.com\/mx\/contactanos\/"]}]},{"@type":"BreadcrumbList","@id":"https:\/\/zerukbrokers.com\/mx\/contactanos\/#breadcrumb","itemListElement":[{"@type":"ListItem","position":1,"name":"Portada","item":"https:\/\/zerukbrokers.com\/mx\/"},{"@type":"ListItem","position":2,"name":"Cont\u00e1ctanos"}]},{"@type":"WebSite","@id":"https:\/\/zerukbrokers.com\/mx\/#website","url":"https:\/\/zerukbrokers.com\/mx\/","name":"Zeruk Insurance Brokers - M\u00e9xico","description":"","publisher":{"@id":"https:\/\/zerukbrokers.com\/mx\/#organization"},"alternateName":"Zeruk M\u00e9xico","potentialAction":[{"@type":"SearchAction","target":{"@type":"EntryPoint","urlTemplate":"https:\/\/zerukbrokers.com\/mx\/?s={search_term_string}"},"query-input":{"@type":"PropertyValueSpecification","valueRequired":true,"valueName":"search_term_string"}}],"inLanguage":"es"},{"@type":"Organization","@id":"https:\/\/zerukbrokers.com\/mx\/#organization","name":"Zeruk Insurance Brokers - M\u00e9xico","alternateName":"Zeruk M\u00e9xico","url":"https:\/\/zerukbrokers.com\/mx\/","logo":{"@type":"ImageObject","inLanguage":"es","@id":"https:\/\/zerukbrokers.com\/mx\/#\/schema\/logo\/image\/","url":"https:\/\/zerukbrokers.com\/mx\/wp-content\/uploads\/sites\/2\/logo-zeruk.svg","contentUrl":"https:\/\/zerukbrokers.com\/mx\/wp-content\/uploads\/sites\/2\/logo-zeruk.svg","width":149,"height":54,"caption":"Zeruk Insurance Brokers - M\u00e9xico"},"image":{"@id":"https:\/\/zerukbrokers.com\/mx\/#\/schema\/logo\/image\/"}}]}},"_links":{"self":[{"href":"https:\/\/zerukbrokers.com\/mx\/wp-json\/wp\/v2\/pages\/20","targetHints":{"allow":["GET"]}}],"collection":[{"href":"https:\/\/zerukbrokers.com\/mx\/wp-json\/wp\/v2\/pages"}],"about":[{"href":"https:\/\/zerukbrokers.com\/mx\/wp-json\/wp\/v2\/types\/page"}],"author":[{"embeddable":true,"href":"https:\/\/zerukbrokers.com\/mx\/wp-json\/wp\/v2\/users\/3"}],"replies":[{"embeddable":true,"href":"https:\/\/zerukbrokers.com\/mx\/wp-json\/wp\/v2\/comments?post=20"}],"version-history":[{"count":1,"href":"https:\/\/zerukbrokers.com\/mx\/wp-json\/wp\/v2\/pages\/20\/revisions"}],"predecessor-version":[{"id":432,"href":"https:\/\/zerukbrokers.com\/mx\/wp-json\/wp\/v2\/pages\/20\/revisions\/432"}],"wp:attachment":[{"href":"https:\/\/zerukbrokers.com\/mx\/wp-json\/wp\/v2\/media?parent=20"}],"curies":[{"name":"wp","href":"https:\/\/api.w.org\/{rel}","templated":true}]}}