{"id":194,"date":"2024-05-30T12:41:45","date_gmt":"2024-05-30T17:41:45","guid":{"rendered":"https:\/\/zerukbrokers.com\/mx\/?page_id=194"},"modified":"2024-06-03T02:17:01","modified_gmt":"2024-06-03T07:17:01","slug":"logistica-transporte-y-flotilla","status":"publish","type":"page","link":"https:\/\/zerukbrokers.com\/mx\/seguros\/logistica-transporte-y-flotilla\/","title":{"rendered":"Log\u00edstica, Transporte y Flotilla"},"content":{"rendered":"","protected":false},"excerpt":{"rendered":"","protected":false},"author":3,"featured_media":137,"parent":124,"menu_order":5,"comment_status":"closed","ping_status":"closed","template":"templates\/archive-seguros.php","meta":{"_acf_changed":false,"footnotes":""},"class_list":["post-194","page","type-page","status-publish","has-post-thumbnail","hentry"],"acf":[],"yoast_head":"<!-- This site is optimized with the Yoast SEO plugin v27.5 - https:\/\/yoast.com\/product\/yoast-seo-wordpress\/ -->\n<title>Seguros Log\u00edstica, Transporte y Flotilla - Zeruk Insurance Brokers - M\u00e9xico<\/title>\n<meta name=\"description\" content=\"Descubre las caracter\u00edsticas sobre como asegurar, flotas vehiculares, contenedores y mercader\u00eda antes posibles riesgos.\" \/>\n<meta name=\"robots\" content=\"index, follow, max-snippet:-1, max-image-preview:large, max-video-preview:-1\" \/>\n<link rel=\"canonical\" href=\"https:\/\/zerukbrokers.com\/mx\/seguros\/logistica-transporte-y-flotilla\/\" \/>\n<meta property=\"og:locale\" content=\"es_ES\" \/>\n<meta property=\"og:type\" content=\"article\" \/>\n<meta property=\"og:title\" content=\"Seguros Log\u00edstica, Transporte y Flotilla - Zeruk Insurance Brokers - M\u00e9xico\" \/>\n<meta property=\"og:description\" content=\"Descubre las caracter\u00edsticas sobre como asegurar, flotas vehiculares, contenedores y mercader\u00eda antes posibles riesgos.\" \/>\n<meta property=\"og:url\" content=\"https:\/\/zerukbrokers.com\/mx\/seguros\/logistica-transporte-y-flotilla\/\" \/>\n<meta property=\"og:site_name\" content=\"Zeruk Insurance Brokers - M\u00e9xico\" \/>\n<meta property=\"article:modified_time\" content=\"2024-06-03T07:17:01+00:00\" \/>\n<meta property=\"og:image\" content=\"https:\/\/zerukbrokers.com\/mx\/wp-content\/uploads\/sites\/2\/logistica-header.png\" \/>\n\t<meta property=\"og:image:width\" content=\"1200\" \/>\n\t<meta property=\"og:image:height\" content=\"780\" \/>\n\t<meta property=\"og:image:type\" content=\"image\/png\" \/>\n<script type=\"application\/ld+json\" class=\"yoast-schema-graph\">{\"@context\":\"https:\\\/\\\/schema.org\",\"@graph\":[{\"@type\":\"WebPage\",\"@id\":\"https:\\\/\\\/zerukbrokers.com\\\/mx\\\/seguros\\\/logistica-transporte-y-flotilla\\\/\",\"url\":\"https:\\\/\\\/zerukbrokers.com\\\/mx\\\/seguros\\\/logistica-transporte-y-flotilla\\\/\",\"name\":\"Seguros Log\u00edstica, Transporte y Flotilla - Zeruk Insurance Brokers - M\u00e9xico\",\"isPartOf\":{\"@id\":\"https:\\\/\\\/zerukbrokers.com\\\/mx\\\/#website\"},\"primaryImageOfPage\":{\"@id\":\"https:\\\/\\\/zerukbrokers.com\\\/mx\\\/seguros\\\/logistica-transporte-y-flotilla\\\/#primaryimage\"},\"image\":{\"@id\":\"https:\\\/\\\/zerukbrokers.com\\\/mx\\\/seguros\\\/logistica-transporte-y-flotilla\\\/#primaryimage\"},\"thumbnailUrl\":\"https:\\\/\\\/zerukbrokers.com\\\/mx\\\/wp-content\\\/uploads\\\/sites\\\/2\\\/logistica-header.png\",\"datePublished\":\"2024-05-30T17:41:45+00:00\",\"dateModified\":\"2024-06-03T07:17:01+00:00\",\"description\":\"Descubre las caracter\u00edsticas sobre como asegurar, flotas vehiculares, contenedores y mercader\u00eda antes posibles riesgos.\",\"breadcrumb\":{\"@id\":\"https:\\\/\\\/zerukbrokers.com\\\/mx\\\/seguros\\\/logistica-transporte-y-flotilla\\\/#breadcrumb\"},\"inLanguage\":\"es\",\"potentialAction\":[{\"@type\":\"ReadAction\",\"target\":[\"https:\\\/\\\/zerukbrokers.com\\\/mx\\\/seguros\\\/logistica-transporte-y-flotilla\\\/\"]}]},{\"@type\":\"ImageObject\",\"inLanguage\":\"es\",\"@id\":\"https:\\\/\\\/zerukbrokers.com\\\/mx\\\/seguros\\\/logistica-transporte-y-flotilla\\\/#primaryimage\",\"url\":\"https:\\\/\\\/zerukbrokers.com\\\/mx\\\/wp-content\\\/uploads\\\/sites\\\/2\\\/logistica-header.png\",\"contentUrl\":\"https:\\\/\\\/zerukbrokers.com\\\/mx\\\/wp-content\\\/uploads\\\/sites\\\/2\\\/logistica-header.png\",\"width\":1200,\"height\":780},{\"@type\":\"BreadcrumbList\",\"@id\":\"https:\\\/\\\/zerukbrokers.com\\\/mx\\\/seguros\\\/logistica-transporte-y-flotilla\\\/#breadcrumb\",\"itemListElement\":[{\"@type\":\"ListItem\",\"position\":1,\"name\":\"Portada\",\"item\":\"https:\\\/\\\/zerukbrokers.com\\\/mx\\\/\"},{\"@type\":\"ListItem\",\"position\":2,\"name\":\"Seguros\",\"item\":\"https:\\\/\\\/zerukbrokers.com\\\/mx\\\/seguros\\\/\"},{\"@type\":\"ListItem\",\"position\":3,\"name\":\"Log\u00edstica, Transporte y Flotilla\"}]},{\"@type\":\"WebSite\",\"@id\":\"https:\\\/\\\/zerukbrokers.com\\\/mx\\\/#website\",\"url\":\"https:\\\/\\\/zerukbrokers.com\\\/mx\\\/\",\"name\":\"Zeruk Insurance Brokers - M\u00e9xico\",\"description\":\"\",\"publisher\":{\"@id\":\"https:\\\/\\\/zerukbrokers.com\\\/mx\\\/#organization\"},\"alternateName\":\"Zeruk M\u00e9xico\",\"potentialAction\":[{\"@type\":\"SearchAction\",\"target\":{\"@type\":\"EntryPoint\",\"urlTemplate\":\"https:\\\/\\\/zerukbrokers.com\\\/mx\\\/?s={search_term_string}\"},\"query-input\":{\"@type\":\"PropertyValueSpecification\",\"valueRequired\":true,\"valueName\":\"search_term_string\"}}],\"inLanguage\":\"es\"},{\"@type\":\"Organization\",\"@id\":\"https:\\\/\\\/zerukbrokers.com\\\/mx\\\/#organization\",\"name\":\"Zeruk Insurance Brokers - M\u00e9xico\",\"alternateName\":\"Zeruk M\u00e9xico\",\"url\":\"https:\\\/\\\/zerukbrokers.com\\\/mx\\\/\",\"logo\":{\"@type\":\"ImageObject\",\"inLanguage\":\"es\",\"@id\":\"https:\\\/\\\/zerukbrokers.com\\\/mx\\\/#\\\/schema\\\/logo\\\/image\\\/\",\"url\":\"https:\\\/\\\/zerukbrokers.com\\\/mx\\\/wp-content\\\/uploads\\\/sites\\\/2\\\/logo-zeruk.svg\",\"contentUrl\":\"https:\\\/\\\/zerukbrokers.com\\\/mx\\\/wp-content\\\/uploads\\\/sites\\\/2\\\/logo-zeruk.svg\",\"width\":149,\"height\":54,\"caption\":\"Zeruk Insurance Brokers - M\u00e9xico\"},\"image\":{\"@id\":\"https:\\\/\\\/zerukbrokers.com\\\/mx\\\/#\\\/schema\\\/logo\\\/image\\\/\"}}]}<\/script>\n<!-- \/ Yoast SEO plugin. -->","yoast_head_json":{"title":"Seguros Log\u00edstica, Transporte y Flotilla - Zeruk Insurance Brokers - M\u00e9xico","description":"Descubre las caracter\u00edsticas sobre como asegurar, flotas vehiculares, contenedores y mercader\u00eda antes posibles riesgos.","robots":{"index":"index","follow":"follow","max-snippet":"max-snippet:-1","max-image-preview":"max-image-preview:large","max-video-preview":"max-video-preview:-1"},"canonical":"https:\/\/zerukbrokers.com\/mx\/seguros\/logistica-transporte-y-flotilla\/","og_locale":"es_ES","og_type":"article","og_title":"Seguros Log\u00edstica, Transporte y Flotilla - Zeruk Insurance Brokers - M\u00e9xico","og_description":"Descubre las caracter\u00edsticas sobre como asegurar, flotas vehiculares, contenedores y mercader\u00eda antes posibles riesgos.","og_url":"https:\/\/zerukbrokers.com\/mx\/seguros\/logistica-transporte-y-flotilla\/","og_site_name":"Zeruk Insurance Brokers - M\u00e9xico","article_modified_time":"2024-06-03T07:17:01+00:00","og_image":[{"width":1200,"height":780,"url":"https:\/\/zerukbrokers.com\/mx\/wp-content\/uploads\/sites\/2\/logistica-header.png","type":"image\/png"}],"schema":{"@context":"https:\/\/schema.org","@graph":[{"@type":"WebPage","@id":"https:\/\/zerukbrokers.com\/mx\/seguros\/logistica-transporte-y-flotilla\/","url":"https:\/\/zerukbrokers.com\/mx\/seguros\/logistica-transporte-y-flotilla\/","name":"Seguros Log\u00edstica, Transporte y Flotilla - Zeruk Insurance Brokers - M\u00e9xico","isPartOf":{"@id":"https:\/\/zerukbrokers.com\/mx\/#website"},"primaryImageOfPage":{"@id":"https:\/\/zerukbrokers.com\/mx\/seguros\/logistica-transporte-y-flotilla\/#primaryimage"},"image":{"@id":"https:\/\/zerukbrokers.com\/mx\/seguros\/logistica-transporte-y-flotilla\/#primaryimage"},"thumbnailUrl":"https:\/\/zerukbrokers.com\/mx\/wp-content\/uploads\/sites\/2\/logistica-header.png","datePublished":"2024-05-30T17:41:45+00:00","dateModified":"2024-06-03T07:17:01+00:00","description":"Descubre las caracter\u00edsticas sobre como asegurar, flotas vehiculares, contenedores y mercader\u00eda antes posibles riesgos.","breadcrumb":{"@id":"https:\/\/zerukbrokers.com\/mx\/seguros\/logistica-transporte-y-flotilla\/#breadcrumb"},"inLanguage":"es","potentialAction":[{"@type":"ReadAction","target":["https:\/\/zerukbrokers.com\/mx\/seguros\/logistica-transporte-y-flotilla\/"]}]},{"@type":"ImageObject","inLanguage":"es","@id":"https:\/\/zerukbrokers.com\/mx\/seguros\/logistica-transporte-y-flotilla\/#primaryimage","url":"https:\/\/zerukbrokers.com\/mx\/wp-content\/uploads\/sites\/2\/logistica-header.png","contentUrl":"https:\/\/zerukbrokers.com\/mx\/wp-content\/uploads\/sites\/2\/logistica-header.png","width":1200,"height":780},{"@type":"BreadcrumbList","@id":"https:\/\/zerukbrokers.com\/mx\/seguros\/logistica-transporte-y-flotilla\/#breadcrumb","itemListElement":[{"@type":"ListItem","position":1,"name":"Portada","item":"https:\/\/zerukbrokers.com\/mx\/"},{"@type":"ListItem","position":2,"name":"Seguros","item":"https:\/\/zerukbrokers.com\/mx\/seguros\/"},{"@type":"ListItem","position":3,"name":"Log\u00edstica, Transporte y Flotilla"}]},{"@type":"WebSite","@id":"https:\/\/zerukbrokers.com\/mx\/#website","url":"https:\/\/zerukbrokers.com\/mx\/","name":"Zeruk Insurance Brokers - M\u00e9xico","description":"","publisher":{"@id":"https:\/\/zerukbrokers.com\/mx\/#organization"},"alternateName":"Zeruk M\u00e9xico","potentialAction":[{"@type":"SearchAction","target":{"@type":"EntryPoint","urlTemplate":"https:\/\/zerukbrokers.com\/mx\/?s={search_term_string}"},"query-input":{"@type":"PropertyValueSpecification","valueRequired":true,"valueName":"search_term_string"}}],"inLanguage":"es"},{"@type":"Organization","@id":"https:\/\/zerukbrokers.com\/mx\/#organization","name":"Zeruk Insurance Brokers - M\u00e9xico","alternateName":"Zeruk M\u00e9xico","url":"https:\/\/zerukbrokers.com\/mx\/","logo":{"@type":"ImageObject","inLanguage":"es","@id":"https:\/\/zerukbrokers.com\/mx\/#\/schema\/logo\/image\/","url":"https:\/\/zerukbrokers.com\/mx\/wp-content\/uploads\/sites\/2\/logo-zeruk.svg","contentUrl":"https:\/\/zerukbrokers.com\/mx\/wp-content\/uploads\/sites\/2\/logo-zeruk.svg","width":149,"height":54,"caption":"Zeruk Insurance Brokers - M\u00e9xico"},"image":{"@id":"https:\/\/zerukbrokers.com\/mx\/#\/schema\/logo\/image\/"}}]}},"_links":{"self":[{"href":"https:\/\/zerukbrokers.com\/mx\/wp-json\/wp\/v2\/pages\/194","targetHints":{"allow":["GET"]}}],"collection":[{"href":"https:\/\/zerukbrokers.com\/mx\/wp-json\/wp\/v2\/pages"}],"about":[{"href":"https:\/\/zerukbrokers.com\/mx\/wp-json\/wp\/v2\/types\/page"}],"author":[{"embeddable":true,"href":"https:\/\/zerukbrokers.com\/mx\/wp-json\/wp\/v2\/users\/3"}],"replies":[{"embeddable":true,"href":"https:\/\/zerukbrokers.com\/mx\/wp-json\/wp\/v2\/comments?post=194"}],"version-history":[{"count":1,"href":"https:\/\/zerukbrokers.com\/mx\/wp-json\/wp\/v2\/pages\/194\/revisions"}],"predecessor-version":[{"id":429,"href":"https:\/\/zerukbrokers.com\/mx\/wp-json\/wp\/v2\/pages\/194\/revisions\/429"}],"up":[{"embeddable":true,"href":"https:\/\/zerukbrokers.com\/mx\/wp-json\/wp\/v2\/pages\/124"}],"wp:featuredmedia":[{"embeddable":true,"href":"https:\/\/zerukbrokers.com\/mx\/wp-json\/wp\/v2\/media\/137"}],"wp:attachment":[{"href":"https:\/\/zerukbrokers.com\/mx\/wp-json\/wp\/v2\/media?parent=194"}],"curies":[{"name":"wp","href":"https:\/\/api.w.org\/{rel}","templated":true}]}}