{"id":16,"date":"2024-05-14T09:27:11","date_gmt":"2024-05-14T14:27:11","guid":{"rendered":"https:\/\/zerukbrokers.com\/mx\/?page_id=16"},"modified":"2024-06-05T11:46:54","modified_gmt":"2024-06-05T16:46:54","slug":"home","status":"publish","type":"page","link":"https:\/\/zerukbrokers.com\/mx\/","title":{"rendered":"Home"},"content":{"rendered":"","protected":false},"excerpt":{"rendered":"","protected":false},"author":2,"featured_media":0,"parent":0,"menu_order":1,"comment_status":"closed","ping_status":"closed","template":"","meta":{"_acf_changed":false,"footnotes":""},"class_list":["post-16","page","type-page","status-publish","hentry"],"acf":[],"yoast_head":"<!-- This site is optimized with the Yoast SEO plugin v27.5 - https:\/\/yoast.com\/product\/yoast-seo-wordpress\/ -->\n<title>Zeruk Insurance Brokers - M\u00e9xico<\/title>\n<meta name=\"description\" content=\"Somos tu mejor aliado especializado en seguros en M\u00e9xico y Per\u00fa. Encuentra el plan de seguros perfecto y accede a nuestro gran servicio.\" \/>\n<meta name=\"robots\" content=\"index, follow, max-snippet:-1, max-image-preview:large, max-video-preview:-1\" \/>\n<link rel=\"canonical\" href=\"https:\/\/zerukbrokers.com\/mx\/\" \/>\n<meta property=\"og:locale\" content=\"es_ES\" \/>\n<meta property=\"og:type\" content=\"article\" \/>\n<meta property=\"og:title\" content=\"Zeruk Insurance Brokers - M\u00e9xico\" \/>\n<meta property=\"og:description\" content=\"Somos tu mejor aliado especializado en seguros en M\u00e9xico y Per\u00fa. Encuentra el plan de seguros perfecto y accede a nuestro gran servicio.\" \/>\n<meta property=\"og:url\" content=\"https:\/\/zerukbrokers.com\/mx\/\" \/>\n<meta property=\"og:site_name\" content=\"Zeruk Insurance Brokers - M\u00e9xico\" \/>\n<meta property=\"article:modified_time\" content=\"2024-06-05T16:46:54+00:00\" \/>\n<script type=\"application\/ld+json\" class=\"yoast-schema-graph\">{\"@context\":\"https:\\\/\\\/schema.org\",\"@graph\":[{\"@type\":\"WebPage\",\"@id\":\"https:\\\/\\\/zerukbrokers.com\\\/mx\\\/\",\"url\":\"https:\\\/\\\/zerukbrokers.com\\\/mx\\\/\",\"name\":\"Zeruk Insurance Brokers - M\u00e9xico\",\"isPartOf\":{\"@id\":\"https:\\\/\\\/zerukbrokers.com\\\/mx\\\/#website\"},\"datePublished\":\"2024-05-14T14:27:11+00:00\",\"dateModified\":\"2024-06-05T16:46:54+00:00\",\"description\":\"Somos tu mejor aliado especializado en seguros en M\u00e9xico y Per\u00fa. Encuentra el plan de seguros perfecto y accede a nuestro gran servicio.\",\"breadcrumb\":{\"@id\":\"https:\\\/\\\/zerukbrokers.com\\\/mx\\\/#breadcrumb\"},\"inLanguage\":\"es\",\"potentialAction\":[{\"@type\":\"ReadAction\",\"target\":[\"https:\\\/\\\/zerukbrokers.com\\\/mx\\\/\"]}]},{\"@type\":\"BreadcrumbList\",\"@id\":\"https:\\\/\\\/zerukbrokers.com\\\/mx\\\/#breadcrumb\",\"itemListElement\":[{\"@type\":\"ListItem\",\"position\":1,\"name\":\"Portada\",\"item\":\"https:\\\/\\\/zerukbrokers.com\\\/mx\\\/\"},{\"@type\":\"ListItem\",\"position\":2,\"name\":\"Home\"}]},{\"@type\":\"WebSite\",\"@id\":\"https:\\\/\\\/zerukbrokers.com\\\/mx\\\/#website\",\"url\":\"https:\\\/\\\/zerukbrokers.com\\\/mx\\\/\",\"name\":\"Zeruk Insurance Brokers - M\u00e9xico\",\"description\":\"\",\"publisher\":{\"@id\":\"https:\\\/\\\/zerukbrokers.com\\\/mx\\\/#organization\"},\"alternateName\":\"Zeruk M\u00e9xico\",\"potentialAction\":[{\"@type\":\"SearchAction\",\"target\":{\"@type\":\"EntryPoint\",\"urlTemplate\":\"https:\\\/\\\/zerukbrokers.com\\\/mx\\\/?s={search_term_string}\"},\"query-input\":{\"@type\":\"PropertyValueSpecification\",\"valueRequired\":true,\"valueName\":\"search_term_string\"}}],\"inLanguage\":\"es\"},{\"@type\":\"Organization\",\"@id\":\"https:\\\/\\\/zerukbrokers.com\\\/mx\\\/#organization\",\"name\":\"Zeruk Insurance Brokers - M\u00e9xico\",\"alternateName\":\"Zeruk M\u00e9xico\",\"url\":\"https:\\\/\\\/zerukbrokers.com\\\/mx\\\/\",\"logo\":{\"@type\":\"ImageObject\",\"inLanguage\":\"es\",\"@id\":\"https:\\\/\\\/zerukbrokers.com\\\/mx\\\/#\\\/schema\\\/logo\\\/image\\\/\",\"url\":\"https:\\\/\\\/zerukbrokers.com\\\/mx\\\/wp-content\\\/uploads\\\/sites\\\/2\\\/logo-zeruk.svg\",\"contentUrl\":\"https:\\\/\\\/zerukbrokers.com\\\/mx\\\/wp-content\\\/uploads\\\/sites\\\/2\\\/logo-zeruk.svg\",\"width\":149,\"height\":54,\"caption\":\"Zeruk Insurance Brokers - M\u00e9xico\"},\"image\":{\"@id\":\"https:\\\/\\\/zerukbrokers.com\\\/mx\\\/#\\\/schema\\\/logo\\\/image\\\/\"}}]}<\/script>\n<!-- \/ Yoast SEO plugin. -->","yoast_head_json":{"title":"Zeruk Insurance Brokers - M\u00e9xico","description":"Somos tu mejor aliado especializado en seguros en M\u00e9xico y Per\u00fa. Encuentra el plan de seguros perfecto y accede a nuestro gran servicio.","robots":{"index":"index","follow":"follow","max-snippet":"max-snippet:-1","max-image-preview":"max-image-preview:large","max-video-preview":"max-video-preview:-1"},"canonical":"https:\/\/zerukbrokers.com\/mx\/","og_locale":"es_ES","og_type":"article","og_title":"Zeruk Insurance Brokers - M\u00e9xico","og_description":"Somos tu mejor aliado especializado en seguros en M\u00e9xico y Per\u00fa. Encuentra el plan de seguros perfecto y accede a nuestro gran servicio.","og_url":"https:\/\/zerukbrokers.com\/mx\/","og_site_name":"Zeruk Insurance Brokers - M\u00e9xico","article_modified_time":"2024-06-05T16:46:54+00:00","schema":{"@context":"https:\/\/schema.org","@graph":[{"@type":"WebPage","@id":"https:\/\/zerukbrokers.com\/mx\/","url":"https:\/\/zerukbrokers.com\/mx\/","name":"Zeruk Insurance Brokers - M\u00e9xico","isPartOf":{"@id":"https:\/\/zerukbrokers.com\/mx\/#website"},"datePublished":"2024-05-14T14:27:11+00:00","dateModified":"2024-06-05T16:46:54+00:00","description":"Somos tu mejor aliado especializado en seguros en M\u00e9xico y Per\u00fa. Encuentra el plan de seguros perfecto y accede a nuestro gran servicio.","breadcrumb":{"@id":"https:\/\/zerukbrokers.com\/mx\/#breadcrumb"},"inLanguage":"es","potentialAction":[{"@type":"ReadAction","target":["https:\/\/zerukbrokers.com\/mx\/"]}]},{"@type":"BreadcrumbList","@id":"https:\/\/zerukbrokers.com\/mx\/#breadcrumb","itemListElement":[{"@type":"ListItem","position":1,"name":"Portada","item":"https:\/\/zerukbrokers.com\/mx\/"},{"@type":"ListItem","position":2,"name":"Home"}]},{"@type":"WebSite","@id":"https:\/\/zerukbrokers.com\/mx\/#website","url":"https:\/\/zerukbrokers.com\/mx\/","name":"Zeruk Insurance Brokers - M\u00e9xico","description":"","publisher":{"@id":"https:\/\/zerukbrokers.com\/mx\/#organization"},"alternateName":"Zeruk M\u00e9xico","potentialAction":[{"@type":"SearchAction","target":{"@type":"EntryPoint","urlTemplate":"https:\/\/zerukbrokers.com\/mx\/?s={search_term_string}"},"query-input":{"@type":"PropertyValueSpecification","valueRequired":true,"valueName":"search_term_string"}}],"inLanguage":"es"},{"@type":"Organization","@id":"https:\/\/zerukbrokers.com\/mx\/#organization","name":"Zeruk Insurance Brokers - M\u00e9xico","alternateName":"Zeruk M\u00e9xico","url":"https:\/\/zerukbrokers.com\/mx\/","logo":{"@type":"ImageObject","inLanguage":"es","@id":"https:\/\/zerukbrokers.com\/mx\/#\/schema\/logo\/image\/","url":"https:\/\/zerukbrokers.com\/mx\/wp-content\/uploads\/sites\/2\/logo-zeruk.svg","contentUrl":"https:\/\/zerukbrokers.com\/mx\/wp-content\/uploads\/sites\/2\/logo-zeruk.svg","width":149,"height":54,"caption":"Zeruk Insurance Brokers - M\u00e9xico"},"image":{"@id":"https:\/\/zerukbrokers.com\/mx\/#\/schema\/logo\/image\/"}}]}},"_links":{"self":[{"href":"https:\/\/zerukbrokers.com\/mx\/wp-json\/wp\/v2\/pages\/16","targetHints":{"allow":["GET"]}}],"collection":[{"href":"https:\/\/zerukbrokers.com\/mx\/wp-json\/wp\/v2\/pages"}],"about":[{"href":"https:\/\/zerukbrokers.com\/mx\/wp-json\/wp\/v2\/types\/page"}],"author":[{"embeddable":true,"href":"https:\/\/zerukbrokers.com\/mx\/wp-json\/wp\/v2\/users\/2"}],"replies":[{"embeddable":true,"href":"https:\/\/zerukbrokers.com\/mx\/wp-json\/wp\/v2\/comments?post=16"}],"version-history":[{"count":4,"href":"https:\/\/zerukbrokers.com\/mx\/wp-json\/wp\/v2\/pages\/16\/revisions"}],"predecessor-version":[{"id":485,"href":"https:\/\/zerukbrokers.com\/mx\/wp-json\/wp\/v2\/pages\/16\/revisions\/485"}],"wp:attachment":[{"href":"https:\/\/zerukbrokers.com\/mx\/wp-json\/wp\/v2\/media?parent=16"}],"curies":[{"name":"wp","href":"https:\/\/api.w.org\/{rel}","templated":true}]}}